{"id":1339,"date":"2025-06-04T21:56:09","date_gmt":"2025-06-04T21:56:09","guid":{"rendered":"https:\/\/colegiosanjoaquinlaserena.cl\/?page_id=1339"},"modified":"2025-06-04T22:17:04","modified_gmt":"2025-06-04T22:17:04","slug":"alumni","status":"publish","type":"page","link":"https:\/\/colegiosanjoaquinlaserena.cl\/en\/alumni\/","title":{"rendered":"Alumni"},"content":{"rendered":"<div data-elementor-type=\"wp-page\" data-elementor-id=\"1339\" class=\"elementor elementor-1339\" data-elementor-post-type=\"page\">\n\t\t\t\t<div class=\"elementor-element elementor-element-d8f7fd3 e-flex e-con-boxed wpr-particle-no wpr-jarallax-no wpr-parallax-no wpr-sticky-section-no e-con e-parent\" data-id=\"d8f7fd3\" data-element_type=\"container\" data-e-type=\"container\" data-settings=\"{&quot;background_background&quot;:&quot;classic&quot;}\">\n\t\t\t\t\t<div class=\"e-con-inner\">\n\t\t\t\t<div class=\"elementor-element elementor-element-22ab568 elementor-widget elementor-widget-heading\" data-id=\"22ab568\" data-element_type=\"widget\" data-e-type=\"widget\" data-widget_type=\"heading.default\">\n\t\t\t\t<div class=\"elementor-widget-container\">\n\t\t\t\t\t<h1 class=\"elementor-heading-title elementor-size-default\">ALUMNI<\/h1>\t\t\t\t<\/div>\n\t\t\t\t<\/div>\n\t\t\t\t\t<\/div>\n\t\t\t\t<\/div>\n\t\t<div class=\"elementor-element elementor-element-8e5ee4e e-flex e-con-boxed wpr-particle-no wpr-jarallax-no wpr-parallax-no wpr-sticky-section-no e-con e-parent\" data-id=\"8e5ee4e\" data-element_type=\"container\" data-e-type=\"container\">\n\t\t\t\t\t<div class=\"e-con-inner\">\n\t\t\t\t<div class=\"elementor-element elementor-element-8829531 elementor-widget elementor-widget-spacer\" data-id=\"8829531\" data-element_type=\"widget\" data-e-type=\"widget\" data-widget_type=\"spacer.default\">\n\t\t\t\t<div class=\"elementor-widget-container\">\n\t\t\t\t\t\t\t<div class=\"elementor-spacer\">\n\t\t\t<div class=\"elementor-spacer-inner\"><\/div>\n\t\t<\/div>\n\t\t\t\t\t\t<\/div>\n\t\t\t\t<\/div>\n\t\t\t\t\t<\/div>\n\t\t\t\t<\/div>\n\t\t<div class=\"elementor-element elementor-element-81d62bd e-flex e-con-boxed wpr-particle-no wpr-jarallax-no wpr-parallax-no wpr-sticky-section-no e-con e-parent\" data-id=\"81d62bd\" data-element_type=\"container\" data-e-type=\"container\">\n\t\t\t\t\t<div class=\"e-con-inner\">\n\t\t\t\t<div class=\"elementor-element elementor-element-cfe630b elementor-pagination-position-inside elementor-arrows-position-inside elementor-widget elementor-widget-image-carousel\" data-id=\"cfe630b\" data-element_type=\"widget\" data-e-type=\"widget\" data-settings=\"{&quot;slides_to_show&quot;:&quot;1&quot;,&quot;effect&quot;:&quot;fade&quot;,&quot;navigation&quot;:&quot;both&quot;,&quot;autoplay&quot;:&quot;yes&quot;,&quot;pause_on_hover&quot;:&quot;yes&quot;,&quot;pause_on_interaction&quot;:&quot;yes&quot;,&quot;autoplay_speed&quot;:5000,&quot;infinite&quot;:&quot;yes&quot;,&quot;speed&quot;:500}\" data-widget_type=\"image-carousel.default\">\n\t\t\t\t<div class=\"elementor-widget-container\">\n\t\t\t\t\t\t\t<div class=\"elementor-image-carousel-wrapper swiper\" role=\"region\" aria-roledescription=\"carousel\" aria-label=\"Carrusel de im\u00e1genes\" dir=\"ltr\">\n\t\t\t<div class=\"elementor-image-carousel swiper-wrapper\" aria-live=\"off\">\n\t\t\t\t\t\t\t\t<div class=\"swiper-slide\" role=\"group\" aria-roledescription=\"slide\" aria-label=\"1 de 4\"><a data-elementor-open-lightbox=\"yes\" data-elementor-lightbox-slideshow=\"cfe630b\" data-elementor-lightbox-title=\"2022\" data-e-action-hash=\"#elementor-action%3Aaction%3Dlightbox%26settings%3DeyJpZCI6MTM0MywidXJsIjoiaHR0cHM6XC9cL2NvbGVnaW9zYW5qb2FxdWlubGFzZXJlbmEuY2xcL3dwLWNvbnRlbnRcL3VwbG9hZHNcLzIwMjVcLzA2XC8yMDIyLmpwZyIsInNsaWRlc2hvdyI6ImNmZTYzMGIifQ%3D%3D\" href=\"https:\/\/colegiosanjoaquinlaserena.cl\/wp-content\/uploads\/2025\/06\/2022.jpg\"><figure class=\"swiper-slide-inner\"><img decoding=\"async\" class=\"swiper-slide-image\" src=\"https:\/\/colegiosanjoaquinlaserena.cl\/wp-content\/uploads\/2025\/06\/2022-768x768.jpg\" alt=\"2022\" \/><\/figure><\/a><\/div><div class=\"swiper-slide\" role=\"group\" aria-roledescription=\"slide\" aria-label=\"2 de 4\"><a data-elementor-open-lightbox=\"yes\" data-elementor-lightbox-slideshow=\"cfe630b\" data-elementor-lightbox-title=\"2023\" data-e-action-hash=\"#elementor-action%3Aaction%3Dlightbox%26settings%3DeyJpZCI6MTM0NCwidXJsIjoiaHR0cHM6XC9cL2NvbGVnaW9zYW5qb2FxdWlubGFzZXJlbmEuY2xcL3dwLWNvbnRlbnRcL3VwbG9hZHNcLzIwMjVcLzA2XC8yMDIzLmpwZyIsInNsaWRlc2hvdyI6ImNmZTYzMGIifQ%3D%3D\" href=\"https:\/\/colegiosanjoaquinlaserena.cl\/wp-content\/uploads\/2025\/06\/2023.jpg\"><figure class=\"swiper-slide-inner\"><img decoding=\"async\" class=\"swiper-slide-image\" src=\"https:\/\/colegiosanjoaquinlaserena.cl\/wp-content\/uploads\/2025\/06\/2023-768x768.jpg\" alt=\"2023\" \/><\/figure><\/a><\/div><div class=\"swiper-slide\" role=\"group\" aria-roledescription=\"slide\" aria-label=\"3 de 4\"><a data-elementor-open-lightbox=\"yes\" data-elementor-lightbox-slideshow=\"cfe630b\" data-elementor-lightbox-title=\"2024\" data-e-action-hash=\"#elementor-action%3Aaction%3Dlightbox%26settings%3DeyJpZCI6MTM0NSwidXJsIjoiaHR0cHM6XC9cL2NvbGVnaW9zYW5qb2FxdWlubGFzZXJlbmEuY2xcL3dwLWNvbnRlbnRcL3VwbG9hZHNcLzIwMjVcLzA2XC8yMDI0LmpwZyIsInNsaWRlc2hvdyI6ImNmZTYzMGIifQ%3D%3D\" href=\"https:\/\/colegiosanjoaquinlaserena.cl\/wp-content\/uploads\/2025\/06\/2024.jpg\"><figure class=\"swiper-slide-inner\"><img decoding=\"async\" class=\"swiper-slide-image\" src=\"https:\/\/colegiosanjoaquinlaserena.cl\/wp-content\/uploads\/2025\/06\/2024-768x768.jpg\" alt=\"2024\" \/><\/figure><\/a><\/div><div class=\"swiper-slide\" role=\"group\" aria-roledescription=\"slide\" aria-label=\"4 de 4\"><a data-elementor-open-lightbox=\"yes\" data-elementor-lightbox-slideshow=\"cfe630b\" data-elementor-lightbox-title=\"ANO-2025\" data-e-action-hash=\"#elementor-action%3Aaction%3Dlightbox%26settings%3DeyJpZCI6MTM0NiwidXJsIjoiaHR0cHM6XC9cL2NvbGVnaW9zYW5qb2FxdWlubGFzZXJlbmEuY2xcL3dwLWNvbnRlbnRcL3VwbG9hZHNcLzIwMjVcLzA2XC9BTk8tMjAyNS5qcGciLCJzbGlkZXNob3ciOiJjZmU2MzBiIn0%3D\" href=\"https:\/\/colegiosanjoaquinlaserena.cl\/wp-content\/uploads\/2025\/06\/ANO-2025.jpg\"><figure class=\"swiper-slide-inner\"><img decoding=\"async\" class=\"swiper-slide-image\" src=\"https:\/\/colegiosanjoaquinlaserena.cl\/wp-content\/uploads\/2025\/06\/ANO-2025-768x768.jpg\" alt=\"ANO-2025\" \/><\/figure><\/a><\/div>\t\t\t<\/div>\n\t\t\t\t\t\t\t\t\t\t\t\t<div class=\"elementor-swiper-button elementor-swiper-button-prev\" role=\"button\" tabindex=\"0\">\n\t\t\t\t\t\t<svg aria-hidden=\"true\" class=\"e-font-icon-svg e-eicon-chevron-left\" viewbox=\"0 0 1000 1000\" xmlns=\"http:\/\/www.w3.org\/2000\/svg\"><path d=\"M646 125C629 125 613 133 604 142L308 442C296 454 292 471 292 487 292 504 296 521 308 533L604 854C617 867 629 875 646 875 663 875 679 871 692 858 704 846 713 829 713 812 713 796 708 779 692 767L438 487 692 225C700 217 708 204 708 187 708 171 704 154 692 142 675 129 663 125 646 125Z\"><\/path><\/svg>\t\t\t\t\t<\/div>\n\t\t\t\t\t<div class=\"elementor-swiper-button elementor-swiper-button-next\" role=\"button\" tabindex=\"0\">\n\t\t\t\t\t\t<svg aria-hidden=\"true\" class=\"e-font-icon-svg e-eicon-chevron-right\" viewbox=\"0 0 1000 1000\" xmlns=\"http:\/\/www.w3.org\/2000\/svg\"><path d=\"M696 533C708 521 713 504 713 487 713 471 708 454 696 446L400 146C388 133 375 125 354 125 338 125 325 129 313 142 300 154 292 171 292 187 292 204 296 221 308 233L563 492 304 771C292 783 288 800 288 817 288 833 296 850 308 863 321 871 338 875 354 875 371 875 388 867 400 854L696 533Z\"><\/path><\/svg>\t\t\t\t\t<\/div>\n\t\t\t\t\n\t\t\t\t\t\t\t\t\t<div class=\"swiper-pagination\"><\/div>\n\t\t\t\t\t\t\t\t\t<\/div>\n\t\t\t\t\t\t<\/div>\n\t\t\t\t<\/div>\n\t\t\t\t\t<\/div>\n\t\t\t\t<\/div>\n\t\t<div class=\"elementor-element elementor-element-9eb800a e-flex e-con-boxed wpr-particle-no wpr-jarallax-no wpr-parallax-no wpr-sticky-section-no e-con e-parent\" data-id=\"9eb800a\" data-element_type=\"container\" data-e-type=\"container\">\n\t\t\t\t\t<div class=\"e-con-inner\">\n\t\t\t\t<div class=\"elementor-element elementor-element-93291fb elementor-widget elementor-widget-text-editor\" data-id=\"93291fb\" data-element_type=\"widget\" data-e-type=\"widget\" data-widget_type=\"text-editor.default\">\n\t\t\t\t<div class=\"elementor-widget-container\">\n\t\t\t\t\t\t\t\t\t<p style=\"text-align: justify;\"><em>Estimadas y Estimados Egresados,<\/em><\/p>\n<p style=\"text-align: justify;\"><em>Con muchas expectativas estamos convocando a todos ustedes a conformar un nuevo Centro de ExAlumnos y retomar contacto con su Colegio San Joaqu\u00edn. Deseamos ayudarlos a generar instancias de camarader\u00eda, de recreaci\u00f3n y deportivas, que compartan sus experiencias acad\u00e9micas y laborales con los actuales estudiantes de ense\u00f1anza media y que nos ayuden a retroalimentar el proceso acad\u00e9mico y formativo que ustedes vivieron.<\/em><\/p>\n<p style=\"text-align: justify;\"><em>Los invitamos a completar el formulario que est\u00e1 m\u00e1s abajo y a volver a encontrarse con la comunidad San Joaquin.<\/em><\/p>\t\t\t\t\t\t\t\t<\/div>\n\t\t\t\t<\/div>\n\t\t\t\t\t<\/div>\n\t\t\t\t<\/div>\n\t\t<div class=\"elementor-element elementor-element-f40bed9 e-flex e-con-boxed wpr-particle-no wpr-jarallax-no wpr-parallax-no wpr-sticky-section-no e-con e-parent\" data-id=\"f40bed9\" data-element_type=\"container\" data-e-type=\"container\">\n\t\t\t\t\t<div class=\"e-con-inner\">\n\t\t\t\t<div class=\"elementor-element elementor-element-8ed1943 premium-cf7-button-fwidth-yes elementor-widget elementor-widget-premium-contact-form\" data-id=\"8ed1943\" data-element_type=\"widget\" data-e-type=\"widget\" data-widget_type=\"premium-contact-form.default\">\n\t\t\t\t<div class=\"elementor-widget-container\">\n\t\t\t\t\t\r\n\t\t\t\r\n\t\t\t<div class=\"premium-cf7-container\" data-settings=\"{&quot;fields_glass&quot;:&quot;none&quot;,&quot;submit_glass&quot;:&quot;none&quot;}\">\r\n\t\t\t\t\n<div class=\"wpcf7 no-js\" id=\"wpcf7-f1338-o1\" lang=\"es-ES\" dir=\"ltr\" data-wpcf7-id=\"1338\">\n<div class=\"screen-reader-response\"><p role=\"status\" aria-live=\"polite\" aria-atomic=\"true\"><\/p> <ul><\/ul><\/div>\n<form action=\"\/en\/wp-json\/wp\/v2\/pages\/1339#wpcf7-f1338-o1\" method=\"post\" class=\"wpcf7-form init\" aria-label=\"Formulario de contacto\" novalidate=\"novalidate\" data-status=\"init\" data-trp-original-action=\"\/en\/wp-json\/wp\/v2\/pages\/1339#wpcf7-f1338-o1\">\n<fieldset class=\"hidden-fields-container\"><input type=\"hidden\" name=\"_wpcf7\" value=\"1338\" \/><input type=\"hidden\" name=\"_wpcf7_version\" value=\"6.1.5\" \/><input type=\"hidden\" name=\"_wpcf7_locale\" value=\"es_ES\" \/><input type=\"hidden\" name=\"_wpcf7_unit_tag\" value=\"wpcf7-f1338-o1\" \/><input type=\"hidden\" name=\"_wpcf7_container_post\" value=\"0\" \/><input type=\"hidden\" name=\"_wpcf7_posted_data_hash\" value=\"\" \/><input type=\"hidden\" name=\"_uacf7_hidden_conditional_fields\" value=\"\" \/>\n<\/fieldset>\n<div class=\"uacf7-form-wrapper-container uacf7-form-1338\"><div class=\"panel\">\n\n   <h4 class=\"titulo-panel\">1 \u00b7 DATOS PERSONALES<\/h4>\n\n   <div class=\"clearfix\">\n      <div class=\"col-sm-6 col-xs-12\">\n         <h5 class=\"clearfix\">NOMBRE COMPLETO (*):<\/h5>\n            <span class=\"wpcf7-form-control-wrap\" data-name=\"nombre-completo\"><input size=\"40\" maxlength=\"400\" class=\"wpcf7-form-control wpcf7-text wpcf7-validates-as-required form-control\" aria-required=\"true\" aria-invalid=\"false\" placeholder=\"Nombre completo aqu\u00ed\" value=\"\" type=\"text\" name=\"nombre-completo\" \/><\/span>\n      <\/div>\n\n      <div class=\"col-sm-6 col-xs-12\">\n         <h5 class=\"clearfix\">MAIL (*):<\/h5>\n            <span class=\"wpcf7-form-control-wrap\" data-name=\"mail\"><input size=\"40\" maxlength=\"400\" class=\"wpcf7-form-control wpcf7-text wpcf7-validates-as-required form-control\" aria-required=\"true\" aria-invalid=\"false\" placeholder=\"ejemplo@ejemplo.com\" value=\"\" type=\"text\" name=\"mail\" \/><\/span>\n      <\/div>\n\n      <div class=\"col-sm-6 col-xs-12\">\n         <h5 class=\"clearfix\">TEL\u00c9FONO FIJO:<\/h5>\n            <span class=\"wpcf7-form-control-wrap\" data-name=\"tel-fijo\"><input size=\"40\" maxlength=\"400\" class=\"wpcf7-form-control wpcf7-tel wpcf7-text wpcf7-validates-as-tel form-control\" aria-invalid=\"false\" placeholder=\"022 222 2222\" value=\"\" type=\"tel\" name=\"tel-fijo\" \/><\/span>\n      <\/div>\n\n      <div class=\"col-sm-6 col-xs-12\">\n         <h5 class=\"clearfix\">CELULAR:<\/h5>\n            <span class=\"wpcf7-form-control-wrap\" data-name=\"celular\"><input size=\"40\" maxlength=\"400\" class=\"wpcf7-form-control wpcf7-tel wpcf7-text wpcf7-validates-as-tel form-control\" aria-invalid=\"false\" placeholder=\"09 9999 9999\" value=\"\" type=\"tel\" name=\"celular\" \/><\/span>\n      <\/div>\t\n\n      <div class=\"col-sm-6 col-xs-12\">\n         <h5 class=\"clearfix\">DIRECCI\u00d3N (*):<\/h5>\n            <span class=\"wpcf7-form-control-wrap\" data-name=\"direccion\"><input size=\"40\" maxlength=\"400\" class=\"wpcf7-form-control wpcf7-text wpcf7-validates-as-required form-control\" aria-required=\"true\" aria-invalid=\"false\" placeholder=\"av. Mi casa #000\" value=\"\" type=\"text\" name=\"direccion\" \/><\/span>\n      <\/div>\n\n      <div class=\"col-sm-6 col-xs-12\">\n         <h5 class=\"clearfix\">CIUDAD (*):<\/h5>\n            <span class=\"wpcf7-form-control-wrap\" data-name=\"ciudad\"><input size=\"40\" maxlength=\"400\" class=\"wpcf7-form-control wpcf7-text wpcf7-validates-as-required form-control\" aria-required=\"true\" aria-invalid=\"false\" placeholder=\"Su ciudad aqu\u00ed\" value=\"\" type=\"text\" name=\"ciudad\" \/><\/span>\n      <\/div>\n\n      <div class=\"col-sm-6 col-xs-12\">\n         <h5 class=\"clearfix\">COMUNA (*):<\/h5>\n            <span class=\"wpcf7-form-control-wrap\" data-name=\"comuna\"><input size=\"40\" maxlength=\"400\" class=\"wpcf7-form-control wpcf7-text wpcf7-validates-as-required form-control\" aria-required=\"true\" aria-invalid=\"false\" placeholder=\"Su comuna aqu\u00ed\" value=\"\" type=\"text\" name=\"comuna\" \/><\/span>\n      <\/div>\t\n\n      <div class=\"col-sm-6 col-xs-12\">\n         <h5 class=\"clearfix\">A\u00d1O DE INGRESO AL COLEGIO: (*):<\/h5>\n            <span class=\"wpcf7-form-control-wrap\" data-name=\"ano-ingreso\"><input size=\"40\" maxlength=\"400\" class=\"wpcf7-form-control wpcf7-text wpcf7-validates-as-required form-control\" aria-required=\"true\" aria-invalid=\"false\" placeholder=\"A\u00f1o de ingreso aqu\u00ed\" value=\"\" type=\"text\" name=\"ano-ingreso\" \/><\/span>\n      <\/div>\t\n\n      <div class=\"col-sm-6 col-xs-12\">\n         <h5 class=\"clearfix\">A\u00d1O DE EGRESO AL COLEGIO: (*):<\/h5>\n            <span class=\"wpcf7-form-control-wrap\" data-name=\"ano-egreso\"><input size=\"40\" maxlength=\"400\" class=\"wpcf7-form-control wpcf7-text wpcf7-validates-as-required form-control\" aria-required=\"true\" aria-invalid=\"false\" placeholder=\"A\u00f1o de egreso aqu\u00ed\" value=\"\" type=\"text\" name=\"ano-egreso\" \/><\/span>\n      <\/div>\t\n     \n   <\/div>\n\t\n<\/div>\n\n\n\n<div class=\"panel\">\n\n   <h4 class=\"titulo-panel\">2 \u00b7 DATOS DE TRABAJO<\/h4>\n\n   <div class=\"clearfix\">\n      <div class=\"col-sm-6 col-xs-12\">\n         <h5 class=\"clearfix\">ACTIVIDAD O CARRERA (*):<\/h5>\n            <span class=\"wpcf7-form-control-wrap\" data-name=\"actividad-carrera\"><input size=\"40\" maxlength=\"400\" class=\"wpcf7-form-control wpcf7-text wpcf7-validates-as-required form-control\" aria-required=\"true\" aria-invalid=\"false\" placeholder=\"Actividad o Carrera aqu\u00ed\" value=\"\" type=\"text\" name=\"actividad-carrera\" \/><\/span>\n      <\/div>\n\n      <div class=\"col-sm-6 col-xs-12\">\n         <h5 class=\"clearfix\">LUGAR DE TRABAJO (*):<\/h5>\n            <span class=\"wpcf7-form-control-wrap\" data-name=\"lugar-trabajo\"><input size=\"40\" maxlength=\"400\" class=\"wpcf7-form-control wpcf7-text wpcf7-validates-as-required form-control\" aria-required=\"true\" aria-invalid=\"false\" placeholder=\"Lugar del trabajo aqu\u00ed\" value=\"\" type=\"text\" name=\"lugar-trabajo\" \/><\/span>\n      <\/div>\n\n      <div class=\"col-sm-6 col-xs-12\">\n         <h5 class=\"clearfix\">CIUDAD (*):<\/h5>\n            <span class=\"wpcf7-form-control-wrap\" data-name=\"ciudad-trabajo\"><input size=\"40\" maxlength=\"400\" class=\"wpcf7-form-control wpcf7-text wpcf7-validates-as-required form-control\" aria-required=\"true\" aria-invalid=\"false\" placeholder=\"Ciudad donde trabaja aqu\u00ed\" value=\"\" type=\"text\" name=\"ciudad-trabajo\" \/><\/span>\n      <\/div>\n\n      <div class=\"col-sm-6 col-xs-12\">\n         <h5 class=\"clearfix\">COMUNA (*):<\/h5>\n            <span class=\"wpcf7-form-control-wrap\" data-name=\"comuna-trabajo\"><input size=\"40\" maxlength=\"400\" class=\"wpcf7-form-control wpcf7-text wpcf7-validates-as-required form-control\" aria-required=\"true\" aria-invalid=\"false\" placeholder=\"Comuna donde trabaja aqu\u00ed\" value=\"\" type=\"text\" name=\"comuna-trabajo\" \/><\/span>\n      <\/div>\n\n      <div class=\"col-sm-6 col-xs-12\">\n         <h5 class=\"clearfix\">TEL\u00c9FONO DEL TRABAJO:<\/h5>\n            <span class=\"wpcf7-form-control-wrap\" data-name=\"tel-trabajo\"><input size=\"40\" maxlength=\"400\" class=\"wpcf7-form-control wpcf7-text wpcf7-validates-as-required form-control\" aria-required=\"true\" aria-invalid=\"false\" placeholder=\"022 222 2222\" value=\"\" type=\"text\" name=\"tel-trabajo\" \/><\/span>\n      <\/div>\t\n\n   <\/div>\t\n<\/div>\n\n<div class=\"clearfix flujo\">\n   <input class=\"wpcf7-form-control wpcf7-submit has-spinner\" type=\"submit\" value=\"Enviar\" \/>\n<\/div><\/div><div class=\"wpcf7-response-output\" aria-hidden=\"true\"><\/div>\n<input type=\"hidden\" name=\"trp-form-language\" value=\"en\"\/><\/form>\n<\/div>\n\t\t\t<\/div>\r\n\r\n\t\t\t\t\t\t\t<\/div>\n\t\t\t\t<\/div>\n\t\t\t\t\t<\/div>\n\t\t\t\t<\/div>\n\t\t\t\t<\/div>","protected":false},"excerpt":{"rendered":"<p>ALUMNI Estimadas y Estimados Egresados, Con muchas expectativas estamos convocando a todos ustedes a conformar un nuevo Centro de ExAlumnos y retomar contacto con su Colegio San Joaqu\u00edn. Deseamos ayudarlos a generar instancias de camarader\u00eda, de recreaci\u00f3n y deportivas, que compartan sus experiencias acad\u00e9micas y laborales con los actuales estudiantes de ense\u00f1anza media y que nos ayuden a retroalimentar el proceso acad\u00e9mico y formativo que ustedes vivieron. Los invitamos a completar el formulario que est\u00e1 m\u00e1s abajo y a volver a encontrarse con la comunidad San Joaquin. 1 \u00b7 DATOS PERSONALES NOMBRE COMPLETO (*): MAIL (*): TEL\u00c9FONO FIJO: CELULAR: DIRECCI\u00d3N (*): CIUDAD (*): COMUNA (*): A\u00d1O DE INGRESO AL COLEGIO: (*): A\u00d1O DE EGRESO AL COLEGIO: (*): 2 \u00b7 DATOS DE TRABAJO ACTIVIDAD O CARRERA (*): LUGAR DE TRABAJO (*): CIUDAD (*): COMUNA (*): TEL\u00c9FONO DEL TRABAJO:<\/p>","protected":false},"author":2,"featured_media":0,"parent":0,"menu_order":0,"comment_status":"closed","ping_status":"closed","template":"","meta":{"site-sidebar-layout":"no-sidebar","site-content-layout":"","ast-site-content-layout":"full-width-container","site-content-style":"default","site-sidebar-style":"default","ast-global-header-display":"","ast-banner-title-visibility":"","ast-main-header-display":"","ast-hfb-above-header-display":"","ast-hfb-below-header-display":"","ast-hfb-mobile-header-display":"","site-post-title":"disabled","ast-breadcrumbs-content":"","ast-featured-img":"disabled","footer-sml-layout":"","theme-transparent-header-meta":"","adv-header-id-meta":"","stick-header-meta":"","header-above-stick-meta":"","header-main-stick-meta":"","header-below-stick-meta":"","astra-migrate-meta-layouts":"default","ast-page-background-enabled":"default","ast-page-background-meta":{"desktop":{"background-color":"var(--ast-global-color-4)","background-image":"","background-repeat":"repeat","background-position":"center center","background-size":"auto","background-attachment":"scroll","background-type":"","background-media":"","overlay-type":"","overlay-color":"","overlay-opacity":"","overlay-gradient":""},"tablet":{"background-color":"","background-image":"","background-repeat":"repeat","background-position":"center center","background-size":"auto","background-attachment":"scroll","background-type":"","background-media":"","overlay-type":"","overlay-color":"","overlay-opacity":"","overlay-gradient":""},"mobile":{"background-color":"","background-image":"","background-repeat":"repeat","background-position":"center center","background-size":"auto","background-attachment":"scroll","background-type":"","background-media":"","overlay-type":"","overlay-color":"","overlay-opacity":"","overlay-gradient":""}},"ast-content-background-meta":{"desktop":{"background-color":"var(--ast-global-color-5)","background-image":"","background-repeat":"repeat","background-position":"center center","background-size":"auto","background-attachment":"scroll","background-type":"","background-media":"","overlay-type":"","overlay-color":"","overlay-opacity":"","overlay-gradient":""},"tablet":{"background-color":"var(--ast-global-color-5)","background-image":"","background-repeat":"repeat","background-position":"center center","background-size":"auto","background-attachment":"scroll","background-type":"","background-media":"","overlay-type":"","overlay-color":"","overlay-opacity":"","overlay-gradient":""},"mobile":{"background-color":"var(--ast-global-color-5)","background-image":"","background-repeat":"repeat","background-position":"center center","background-size":"auto","background-attachment":"scroll","background-type":"","background-media":"","overlay-type":"","overlay-color":"","overlay-opacity":"","overlay-gradient":""}},"footnotes":""},"class_list":["post-1339","page","type-page","status-publish","hentry"],"_links":{"self":[{"href":"https:\/\/colegiosanjoaquinlaserena.cl\/en\/wp-json\/wp\/v2\/pages\/1339","targetHints":{"allow":["GET"]}}],"collection":[{"href":"https:\/\/colegiosanjoaquinlaserena.cl\/en\/wp-json\/wp\/v2\/pages"}],"about":[{"href":"https:\/\/colegiosanjoaquinlaserena.cl\/en\/wp-json\/wp\/v2\/types\/page"}],"author":[{"embeddable":true,"href":"https:\/\/colegiosanjoaquinlaserena.cl\/en\/wp-json\/wp\/v2\/users\/2"}],"replies":[{"embeddable":true,"href":"https:\/\/colegiosanjoaquinlaserena.cl\/en\/wp-json\/wp\/v2\/comments?post=1339"}],"version-history":[{"count":4,"href":"https:\/\/colegiosanjoaquinlaserena.cl\/en\/wp-json\/wp\/v2\/pages\/1339\/revisions"}],"predecessor-version":[{"id":1349,"href":"https:\/\/colegiosanjoaquinlaserena.cl\/en\/wp-json\/wp\/v2\/pages\/1339\/revisions\/1349"}],"wp:attachment":[{"href":"https:\/\/colegiosanjoaquinlaserena.cl\/en\/wp-json\/wp\/v2\/media?parent=1339"}],"curies":[{"name":"wp","href":"https:\/\/api.w.org\/{rel}","templated":true}]}}