{"id":178,"date":"2024-12-26T21:46:36","date_gmt":"2024-12-26T21:46:36","guid":{"rendered":"https:\/\/colegiosanjoaquinlaserena.cl\/?page_id=178"},"modified":"2025-09-25T02:58:34","modified_gmt":"2025-09-25T02:58:34","slug":"secundaria","status":"publish","type":"page","link":"https:\/\/colegiosanjoaquinlaserena.cl\/en\/secundaria\/","title":{"rendered":"SECUNDARIA"},"content":{"rendered":"<div data-elementor-type=\"wp-page\" data-elementor-id=\"178\" class=\"elementor elementor-178\" data-elementor-post-type=\"page\">\n\t\t\t\t<div class=\"elementor-element elementor-element-fc83d9a e-con-full e-flex wpr-particle-no wpr-jarallax-no wpr-parallax-no wpr-sticky-section-no e-con e-parent\" data-id=\"fc83d9a\" data-element_type=\"container\" data-e-type=\"container\">\n\t\t\t\t<div class=\"elementor-element elementor-element-b72c66c wpr-adv-slider-columns-1 wpr-adv-slider-columns--tablet1 wpr-adv-slider-columns--mobile1 wpr-adv-slides-to-scroll-1 wpr-slider-dots-horizontal elementor-widget elementor-widget-wpr-advanced-slider\" data-id=\"b72c66c\" data-element_type=\"widget\" data-e-type=\"widget\" data-settings=\"{&quot;slider_amount&quot;:1,&quot;slider_amount_tablet&quot;:1,&quot;slider_amount_mobile&quot;:1,&quot;slides_to_scroll&quot;:1,&quot;slider_loop&quot;:&quot;yes&quot;,&quot;slider_hide_video_content&quot;:&quot;yes&quot;,&quot;slider_video_btn_size&quot;:&quot;medium&quot;}\" data-widget_type=\"wpr-advanced-slider.default\">\n\t\t\t\t<div class=\"elementor-widget-container\">\n\t\t\t\t\t\n\t\t<!-- Advanced Slider -->\n\t\t<div class=\"wpr-advanced-slider-wrap\">\n\t\t\t\n\t\t\t<div class=\"wpr-advanced-slider\" dir=\"ltr\" data-slick=\"{&quot;rtl&quot;:false,&quot;infinite&quot;:true,&quot;speed&quot;:700,&quot;arrows&quot;:true,&quot;dots&quot;:true,&quot;autoplay&quot;:false,&quot;autoplaySpeed&quot;:1000,&quot;pauseOnHover&quot;:&quot;&quot;,&quot;prevArrow&quot;:&quot;#wpr-slider-prev-b72c66c&quot;,&quot;nextArrow&quot;:&quot;#wpr-slider-next-b72c66c&quot;,&quot;vertical&quot;:false,&quot;adaptiveHeight&quot;:true}\" data-hide-video-content=\"yes\" data-video-btn-size=\"{&quot;widescreen&quot;:&quot;medium&quot;,&quot;desktop&quot;:&quot;medium&quot;,&quot;laptop&quot;:&quot;medium&quot;,&quot;tablet_extra&quot;:&quot;medium&quot;,&quot;tablet&quot;:&quot;medium&quot;,&quot;mobile_extra&quot;:&quot;medium&quot;,&quot;mobile&quot;:&quot;medium&quot;}\" data-slide-effect=\"slide\">\n\t\t\t\t<div class=\"wpr-slider-item elementor-repeater-item-edc277e\"><div class=\"wpr-slider-item-bg\" style=\"background-image: url(https:\/\/colegiosanjoaquinlaserena.cl\/wp-content\/uploads\/2024\/12\/asdasdasdasd.jpg)\"><\/div><div class=\"wpr-slider-item-overlay\"><\/div><div class=\"wpr-cv-container\"><div class=\"wpr-cv-outer\"><div class=\"wpr-cv-inner\"><div class=\"wpr-slider-content\"><div class=\"wpr-slider-title\"><h2>SECUNDARIA<\/h2><\/div><div class=\"wpr-slider-btns\"><\/div><\/div><\/div><\/div><\/div><\/div>\t\t\t<\/div>\n\t\t\t<div class=\"wpr-slider-controls\">\n\t\t\t\t<div class=\"wpr-slider-dots\"><\/div>\n\t\t\t<\/div>\n\n\t\t\t<div class=\"wpr-slider-arrow-container\">\n\t\t\t\t<div class=\"wpr-slider-prev-arrow wpr-slider-arrow\" id=\"wpr-slider-prev-b72c66c\">\n\t\t\t\t\t\t\t\t\t<\/div>\n\t\t\t\t<div class=\"wpr-slider-next-arrow wpr-slider-arrow\" id=\"wpr-slider-next-b72c66c\">\n\t\t\t\t\t\t\t\t\t<\/div>\n\t\t\t<\/div>\n\t\t\t\n\t\t\t\n\t\t<\/div>\n\t\t\t\t\t\t<\/div>\n\t\t\t\t<\/div>\n\t\t\t\t<\/div>\n\t\t<div class=\"elementor-element elementor-element-0d179d3 e-flex e-con-boxed wpr-particle-no wpr-jarallax-no wpr-parallax-no wpr-sticky-section-no e-con e-parent\" data-id=\"0d179d3\" data-element_type=\"container\" data-e-type=\"container\">\n\t\t\t\t\t<div class=\"e-con-inner\">\n\t\t<div class=\"elementor-element elementor-element-f8de9a2 e-con-full e-flex wpr-particle-no wpr-jarallax-no wpr-parallax-no wpr-sticky-section-no e-con e-child\" data-id=\"f8de9a2\" data-element_type=\"container\" data-e-type=\"container\">\n\t\t\t\t<div class=\"elementor-element elementor-element-75c734a elementor-widget elementor-widget-image\" data-id=\"75c734a\" data-element_type=\"widget\" data-e-type=\"widget\" data-widget_type=\"image.default\">\n\t\t\t\t<div class=\"elementor-widget-container\">\n\t\t\t\t\t\t\t\t\t\t\t\t\t\t\t<img fetchpriority=\"high\" decoding=\"async\" width=\"1280\" height=\"961\" src=\"https:\/\/colegiosanjoaquinlaserena.cl\/wp-content\/uploads\/2024\/12\/IMG-20230328-WA0022-e1686236138721.jpg\" class=\"attachment-full size-full wp-image-181\" alt=\"\" srcset=\"https:\/\/colegiosanjoaquinlaserena.cl\/wp-content\/uploads\/2024\/12\/IMG-20230328-WA0022-e1686236138721.jpg 1280w, https:\/\/colegiosanjoaquinlaserena.cl\/wp-content\/uploads\/2024\/12\/IMG-20230328-WA0022-e1686236138721-300x225.jpg 300w, https:\/\/colegiosanjoaquinlaserena.cl\/wp-content\/uploads\/2024\/12\/IMG-20230328-WA0022-e1686236138721-1024x769.jpg 1024w, https:\/\/colegiosanjoaquinlaserena.cl\/wp-content\/uploads\/2024\/12\/IMG-20230328-WA0022-e1686236138721-768x577.jpg 768w\" sizes=\"(max-width: 1280px) 100vw, 1280px\" \/>\t\t\t\t\t\t\t\t\t\t\t\t\t\t\t<\/div>\n\t\t\t\t<\/div>\n\t\t\t\t<\/div>\n\t\t<div class=\"elementor-element elementor-element-5770b34 e-con-full e-flex wpr-particle-no wpr-jarallax-no wpr-parallax-no wpr-sticky-section-no e-con e-child\" data-id=\"5770b34\" data-element_type=\"container\" data-e-type=\"container\">\n\t\t\t\t<div class=\"elementor-element elementor-element-66e7e93 elementor-widget elementor-widget-text-editor\" data-id=\"66e7e93\" data-element_type=\"widget\" data-e-type=\"widget\" data-widget_type=\"text-editor.default\">\n\t\t\t\t<div class=\"elementor-widget-container\">\n\t\t\t\t\t\t\t\t\t<p style=\"text-align: justify;\">La experiencia formativa que provee este nivel es relevante tanto para la formaci\u00f3n de la persona como tambi\u00e9n para la prosecuci\u00f3n de estudios superiores o insertarse en el mundo laboral. Es por ello, que el curriculum debe estar de acuerdo, por un lado, con los avances\u00a0\u00a0observados en las disciplinas\u00a0\u00a0de conocimiento, incorporando nuevos \u00e1mbitos del saber como\u00a0son\u00a0la Tecnolog\u00eda\u00a0y\u00a0la Inform\u00e1tica\u00a0y, por otro lado, con los cambios ocurridos en la vida social.<\/p>\n<p style=\"text-align: justify;\">El marco curricular\u00a0\u00a0de este Ciclo se organiza en tres \u00e1mbitos de acuerdo a la naturaleza\u00a0\u00a0general o especializada de sus contenidos, y al car\u00e1cter de regulado o no de los mismos, distingui\u00e9ndose\u00a0\u00a0la formaci\u00f3n general que articula objetivos y contenidos comunes para todos\u00a0\u00a0los estudiantes; la formaci\u00f3n diferenciada que distingue canales de especializaci\u00f3n y el \u00e1mbito de libre\u00a0\u00a0disposici\u00f3n, que corresponde a un espacio\u00a0\u00a0temporal no regulado por el marco curricular nacional, si no que por el Colegio.<\/p>\n<p style=\"text-align: justify;\">En lo curricular; se define una formaci\u00f3n general que agrupa\u00a0\u00a0a las asignaturas del\u00a0\u00a0curr\u00edculum\u00a0\u00a0que son determinantes para el aprendizaje de las capacidades\u00a0\u00a0generales, necesarias\u00a0\u00a0para desempe\u00f1arse\u00a0\u00a0en forma activa reflexiva y cr\u00edtica a lo largo de la vida, es decir, responde a las necesidades\u00a0\u00a0de un proceso de formaci\u00f3n integral y debe proveer\u00a0\u00a0las capacidades\u00a0\u00a0de base\u00a0\u00a0para el crecimiento, la afirmaci\u00f3n de la identidad y el desarrollo personal.<\/p>\t\t\t\t\t\t\t\t<\/div>\n\t\t\t\t<\/div>\n\t\t\t\t<\/div>\n\t\t\t\t\t<\/div>\n\t\t\t\t<\/div>\n\t\t\t\t<\/div>","protected":false},"excerpt":{"rendered":"<p>SECUNDARIA La experiencia formativa que provee este nivel es relevante tanto para la formaci\u00f3n de la persona como tambi\u00e9n para la prosecuci\u00f3n de estudios superiores o insertarse en el mundo laboral. Es por ello, que el curriculum debe estar de acuerdo, por un lado, con los avances\u00a0\u00a0observados en las disciplinas\u00a0\u00a0de conocimiento, incorporando nuevos \u00e1mbitos del saber como\u00a0son\u00a0la Tecnolog\u00eda\u00a0y\u00a0la Inform\u00e1tica\u00a0y, por otro lado, con los cambios ocurridos en la vida social. El marco curricular\u00a0\u00a0de este Ciclo se organiza en tres \u00e1mbitos de acuerdo a la naturaleza\u00a0\u00a0general o especializada de sus contenidos, y al car\u00e1cter de regulado o no de los mismos, distingui\u00e9ndose\u00a0\u00a0la formaci\u00f3n general que articula objetivos y contenidos comunes para todos\u00a0\u00a0los estudiantes; la formaci\u00f3n diferenciada que distingue canales de especializaci\u00f3n y el \u00e1mbito de libre\u00a0\u00a0disposici\u00f3n, que corresponde a un espacio\u00a0\u00a0temporal no regulado por el marco curricular nacional, si no que por el Colegio. En lo curricular; se define una formaci\u00f3n general que agrupa\u00a0\u00a0a las asignaturas del\u00a0\u00a0curr\u00edculum\u00a0\u00a0que son determinantes para el aprendizaje de las capacidades\u00a0\u00a0generales, necesarias\u00a0\u00a0para desempe\u00f1arse\u00a0\u00a0en forma activa reflexiva y cr\u00edtica a lo largo de la vida, es decir, responde a las necesidades\u00a0\u00a0de un proceso de formaci\u00f3n integral y debe proveer\u00a0\u00a0las capacidades\u00a0\u00a0de base\u00a0\u00a0para el crecimiento, la afirmaci\u00f3n de la identidad y el desarrollo personal.<\/p>","protected":false},"author":2,"featured_media":0,"parent":0,"menu_order":0,"comment_status":"closed","ping_status":"closed","template":"","meta":{"site-sidebar-layout":"no-sidebar","site-content-layout":"","ast-site-content-layout":"full-width-container","site-content-style":"default","site-sidebar-style":"default","ast-global-header-display":"","ast-banner-title-visibility":"","ast-main-header-display":"","ast-hfb-above-header-display":"","ast-hfb-below-header-display":"","ast-hfb-mobile-header-display":"","site-post-title":"disabled","ast-breadcrumbs-content":"","ast-featured-img":"disabled","footer-sml-layout":"","theme-transparent-header-meta":"","adv-header-id-meta":"","stick-header-meta":"","header-above-stick-meta":"","header-main-stick-meta":"","header-below-stick-meta":"","astra-migrate-meta-layouts":"default","ast-page-background-enabled":"default","ast-page-background-meta":{"desktop":{"background-color":"var(--ast-global-color-4)","background-image":"","background-repeat":"repeat","background-position":"center center","background-size":"auto","background-attachment":"scroll","background-type":"","background-media":"","overlay-type":"","overlay-color":"","overlay-opacity":"","overlay-gradient":""},"tablet":{"background-color":"","background-image":"","background-repeat":"repeat","background-position":"center center","background-size":"auto","background-attachment":"scroll","background-type":"","background-media":"","overlay-type":"","overlay-color":"","overlay-opacity":"","overlay-gradient":""},"mobile":{"background-color":"","background-image":"","background-repeat":"repeat","background-position":"center center","background-size":"auto","background-attachment":"scroll","background-type":"","background-media":"","overlay-type":"","overlay-color":"","overlay-opacity":"","overlay-gradient":""}},"ast-content-background-meta":{"desktop":{"background-color":"var(--ast-global-color-5)","background-image":"","background-repeat":"repeat","background-position":"center center","background-size":"auto","background-attachment":"scroll","background-type":"","background-media":"","overlay-type":"","overlay-color":"","overlay-opacity":"","overlay-gradient":""},"tablet":{"background-color":"var(--ast-global-color-5)","background-image":"","background-repeat":"repeat","background-position":"center center","background-size":"auto","background-attachment":"scroll","background-type":"","background-media":"","overlay-type":"","overlay-color":"","overlay-opacity":"","overlay-gradient":""},"mobile":{"background-color":"var(--ast-global-color-5)","background-image":"","background-repeat":"repeat","background-position":"center center","background-size":"auto","background-attachment":"scroll","background-type":"","background-media":"","overlay-type":"","overlay-color":"","overlay-opacity":"","overlay-gradient":""}},"footnotes":""},"class_list":["post-178","page","type-page","status-publish","hentry"],"_links":{"self":[{"href":"https:\/\/colegiosanjoaquinlaserena.cl\/en\/wp-json\/wp\/v2\/pages\/178","targetHints":{"allow":["GET"]}}],"collection":[{"href":"https:\/\/colegiosanjoaquinlaserena.cl\/en\/wp-json\/wp\/v2\/pages"}],"about":[{"href":"https:\/\/colegiosanjoaquinlaserena.cl\/en\/wp-json\/wp\/v2\/types\/page"}],"author":[{"embeddable":true,"href":"https:\/\/colegiosanjoaquinlaserena.cl\/en\/wp-json\/wp\/v2\/users\/2"}],"replies":[{"embeddable":true,"href":"https:\/\/colegiosanjoaquinlaserena.cl\/en\/wp-json\/wp\/v2\/comments?post=178"}],"version-history":[{"count":13,"href":"https:\/\/colegiosanjoaquinlaserena.cl\/en\/wp-json\/wp\/v2\/pages\/178\/revisions"}],"predecessor-version":[{"id":2791,"href":"https:\/\/colegiosanjoaquinlaserena.cl\/en\/wp-json\/wp\/v2\/pages\/178\/revisions\/2791"}],"wp:attachment":[{"href":"https:\/\/colegiosanjoaquinlaserena.cl\/en\/wp-json\/wp\/v2\/media?parent=178"}],"curies":[{"name":"wp","href":"https:\/\/api.w.org\/{rel}","templated":true}]}}