{"id":354,"date":"2024-12-27T05:52:04","date_gmt":"2024-12-27T05:52:04","guid":{"rendered":"https:\/\/colegiosanjoaquinlaserena.cl\/?page_id=354"},"modified":"2025-10-20T15:44:18","modified_gmt":"2025-10-20T18:44:18","slug":"infraestructura","status":"publish","type":"page","link":"https:\/\/colegiosanjoaquinlaserena.cl\/en\/infraestructura\/","title":{"rendered":"INFRAESTRUCTURA"},"content":{"rendered":"<div data-elementor-type=\"wp-page\" data-elementor-id=\"354\" class=\"elementor elementor-354\" data-elementor-post-type=\"page\">\n\t\t\t\t<div class=\"elementor-element elementor-element-fc83d9a e-con-full e-flex wpr-particle-no wpr-jarallax-no wpr-parallax-no wpr-sticky-section-no e-con e-parent\" data-id=\"fc83d9a\" data-element_type=\"container\" data-e-type=\"container\">\n\t\t\t\t<div class=\"elementor-element elementor-element-b72c66c wpr-adv-slider-columns-1 wpr-adv-slider-columns--tablet1 wpr-adv-slider-columns--mobile1 wpr-adv-slides-to-scroll-1 wpr-slider-dots-horizontal elementor-widget elementor-widget-wpr-advanced-slider\" data-id=\"b72c66c\" data-element_type=\"widget\" data-e-type=\"widget\" data-settings=\"{&quot;slider_amount&quot;:1,&quot;slider_amount_tablet&quot;:1,&quot;slider_amount_mobile&quot;:1,&quot;slides_to_scroll&quot;:1,&quot;slider_loop&quot;:&quot;yes&quot;,&quot;slider_hide_video_content&quot;:&quot;yes&quot;,&quot;slider_video_btn_size&quot;:&quot;medium&quot;}\" data-widget_type=\"wpr-advanced-slider.default\">\n\t\t\t\t<div class=\"elementor-widget-container\">\n\t\t\t\t\t\n\t\t<!-- Advanced Slider -->\n\t\t<div class=\"wpr-advanced-slider-wrap\">\n\t\t\t\n\t\t\t<div class=\"wpr-advanced-slider\" dir=\"ltr\" data-slick=\"{&quot;rtl&quot;:false,&quot;infinite&quot;:true,&quot;speed&quot;:700,&quot;arrows&quot;:true,&quot;dots&quot;:true,&quot;autoplay&quot;:false,&quot;autoplaySpeed&quot;:1000,&quot;pauseOnHover&quot;:&quot;&quot;,&quot;prevArrow&quot;:&quot;#wpr-slider-prev-b72c66c&quot;,&quot;nextArrow&quot;:&quot;#wpr-slider-next-b72c66c&quot;,&quot;vertical&quot;:false,&quot;adaptiveHeight&quot;:true}\" data-hide-video-content=\"yes\" data-video-btn-size=\"{&quot;widescreen&quot;:&quot;medium&quot;,&quot;desktop&quot;:&quot;medium&quot;,&quot;laptop&quot;:&quot;medium&quot;,&quot;tablet_extra&quot;:&quot;medium&quot;,&quot;tablet&quot;:&quot;medium&quot;,&quot;mobile_extra&quot;:&quot;medium&quot;,&quot;mobile&quot;:&quot;medium&quot;}\" data-slide-effect=\"slide\">\n\t\t\t\t<div class=\"wpr-slider-item elementor-repeater-item-edc277e\"><div class=\"wpr-slider-item-bg\" style=\"background-image: url(https:\/\/colegiosanjoaquinlaserena.cl\/wp-content\/uploads\/2025\/06\/BANNER-COLEGIO-COMPLETO-2025-final.jpg)\"><\/div><div class=\"wpr-slider-item-overlay\"><\/div><div class=\"wpr-cv-container\"><div class=\"wpr-cv-outer\"><div class=\"wpr-cv-inner\"><div class=\"wpr-slider-content\"><div class=\"wpr-slider-title\"><h2>INFRAESTRUCTURA<\/h2><\/div><div class=\"wpr-slider-btns\"><\/div><\/div><\/div><\/div><\/div><\/div>\t\t\t<\/div>\n\t\t\t<div class=\"wpr-slider-controls\">\n\t\t\t\t<div class=\"wpr-slider-dots\"><\/div>\n\t\t\t<\/div>\n\n\t\t\t<div class=\"wpr-slider-arrow-container\">\n\t\t\t\t<div class=\"wpr-slider-prev-arrow wpr-slider-arrow\" id=\"wpr-slider-prev-b72c66c\">\n\t\t\t\t\t\t\t\t\t<\/div>\n\t\t\t\t<div class=\"wpr-slider-next-arrow wpr-slider-arrow\" id=\"wpr-slider-next-b72c66c\">\n\t\t\t\t\t\t\t\t\t<\/div>\n\t\t\t<\/div>\n\t\t\t\n\t\t\t\n\t\t<\/div>\n\t\t\t\t\t\t<\/div>\n\t\t\t\t<\/div>\n\t\t\t\t<\/div>\n\t\t<div class=\"elementor-element elementor-element-0f817bf e-flex e-con-boxed wpr-particle-no wpr-jarallax-no wpr-parallax-no wpr-sticky-section-no e-con e-parent\" data-id=\"0f817bf\" data-element_type=\"container\" data-e-type=\"container\">\n\t\t\t\t\t<div class=\"e-con-inner\">\n\t\t\t\t\t<\/div>\n\t\t\t\t<\/div>\n\t\t<div class=\"elementor-element elementor-element-bdc0b7d e-flex e-con-boxed wpr-particle-no wpr-jarallax-no wpr-parallax-no wpr-sticky-section-no e-con e-parent\" data-id=\"bdc0b7d\" data-element_type=\"container\" data-e-type=\"container\">\n\t\t\t\t\t<div class=\"e-con-inner\">\n\t\t\t\t<div class=\"elementor-element elementor-element-f58fb84 elementor-widget elementor-widget-text-editor\" data-id=\"f58fb84\" data-element_type=\"widget\" data-e-type=\"widget\" data-widget_type=\"text-editor.default\">\n\t\t\t\t<div class=\"elementor-widget-container\">\n\t\t\t\t\t\t\t\t\t<h6 class=\"center t-lato\" style=\"text-align: center;\">Nuestro establecimiento cuenta con 8.381 m\u00b2 de superficie distribuida entre parques, jardines y edificaciones. Adem\u00e1s 10.000 m\u00b2 de \u00e1reas verdes en el Sports Center, lugar propicio para el desarrollo de actividades deportivas y recreativas en un grato ambiente al aire libre.<\/h6>\t\t\t\t\t\t\t\t<\/div>\n\t\t\t\t<\/div>\n\t\t\t\t\t<\/div>\n\t\t\t\t<\/div>\n\t\t<div class=\"elementor-element elementor-element-486169e e-flex e-con-boxed wpr-particle-no wpr-jarallax-no wpr-parallax-no wpr-sticky-section-no e-con e-parent\" data-id=\"486169e\" data-element_type=\"container\" data-e-type=\"container\">\n\t\t\t\t\t<div class=\"e-con-inner\">\n\t\t\t\t<div class=\"elementor-element elementor-element-3317959 elementor-widget elementor-widget-image\" data-id=\"3317959\" data-element_type=\"widget\" data-e-type=\"widget\" data-widget_type=\"image.default\">\n\t\t\t\t<div class=\"elementor-widget-container\">\n\t\t\t\t\t\t\t\t\t\t\t\t\t\t\t<img fetchpriority=\"high\" decoding=\"async\" width=\"1600\" height=\"1156\" src=\"https:\/\/colegiosanjoaquinlaserena.cl\/wp-content\/uploads\/2025\/10\/infraestructura-1.png\" class=\"attachment-full size-full wp-image-2907\" alt=\"\" srcset=\"https:\/\/colegiosanjoaquinlaserena.cl\/wp-content\/uploads\/2025\/10\/infraestructura-1.png 1600w, https:\/\/colegiosanjoaquinlaserena.cl\/wp-content\/uploads\/2025\/10\/infraestructura-1-300x217.png 300w, https:\/\/colegiosanjoaquinlaserena.cl\/wp-content\/uploads\/2025\/10\/infraestructura-1-1024x740.png 1024w, https:\/\/colegiosanjoaquinlaserena.cl\/wp-content\/uploads\/2025\/10\/infraestructura-1-768x555.png 768w, https:\/\/colegiosanjoaquinlaserena.cl\/wp-content\/uploads\/2025\/10\/infraestructura-1-1536x1110.png 1536w, https:\/\/colegiosanjoaquinlaserena.cl\/wp-content\/uploads\/2025\/10\/infraestructura-1-18x12.png 18w\" sizes=\"(max-width: 1600px) 100vw, 1600px\" \/>\t\t\t\t\t\t\t\t\t\t\t\t\t\t\t<\/div>\n\t\t\t\t<\/div>\n\t\t\t\t\t<\/div>\n\t\t\t\t<\/div>\n\t\t<div class=\"elementor-element elementor-element-59c8a61 e-flex e-con-boxed wpr-particle-no wpr-jarallax-no wpr-parallax-no wpr-sticky-section-no e-con e-parent\" data-id=\"59c8a61\" data-element_type=\"container\" data-e-type=\"container\">\n\t\t\t\t\t<div class=\"e-con-inner\">\n\t\t<div class=\"elementor-element elementor-element-9b0c31a e-con-full e-flex wpr-particle-no wpr-jarallax-no wpr-parallax-no wpr-sticky-section-no e-con e-child\" data-id=\"9b0c31a\" data-element_type=\"container\" data-e-type=\"container\">\n\t\t<div class=\"elementor-element elementor-element-647cd7d e-con-full e-flex wpr-particle-no wpr-jarallax-no wpr-parallax-no wpr-sticky-section-no e-con e-child\" data-id=\"647cd7d\" data-element_type=\"container\" data-e-type=\"container\">\n\t\t\t\t<div class=\"elementor-element elementor-element-6c6e038 elementor-widget elementor-widget-heading\" data-id=\"6c6e038\" data-element_type=\"widget\" data-e-type=\"widget\" data-widget_type=\"heading.default\">\n\t\t\t\t<div class=\"elementor-widget-container\">\n\t\t\t\t\t<h2 class=\"elementor-heading-title elementor-size-default\">Fotograf\u00eda A\u00e9rea Dron\nColegio San Joaqu\u00edn<\/h2>\t\t\t\t<\/div>\n\t\t\t\t<\/div>\n\t\t\t\t<\/div>\n\t\t\t\t<div class=\"elementor-element elementor-element-076b6b4 elementor-widget elementor-widget-image\" data-id=\"076b6b4\" data-element_type=\"widget\" data-e-type=\"widget\" data-widget_type=\"image.default\">\n\t\t\t\t<div class=\"elementor-widget-container\">\n\t\t\t\t\t\t\t\t\t\t\t\t\t\t\t<img decoding=\"async\" width=\"594\" height=\"1024\" src=\"https:\/\/colegiosanjoaquinlaserena.cl\/wp-content\/uploads\/2024\/12\/WhatsApp-Image-2023-09-04-at-16.13.53-fotor-2023090515512-1-594x1024.jpg\" class=\"attachment-large size-large wp-image-382\" alt=\"\" srcset=\"https:\/\/colegiosanjoaquinlaserena.cl\/wp-content\/uploads\/2024\/12\/WhatsApp-Image-2023-09-04-at-16.13.53-fotor-2023090515512-1-594x1024.jpg 594w, https:\/\/colegiosanjoaquinlaserena.cl\/wp-content\/uploads\/2024\/12\/WhatsApp-Image-2023-09-04-at-16.13.53-fotor-2023090515512-1-174x300.jpg 174w, https:\/\/colegiosanjoaquinlaserena.cl\/wp-content\/uploads\/2024\/12\/WhatsApp-Image-2023-09-04-at-16.13.53-fotor-2023090515512-1-768x1323.jpg 768w, https:\/\/colegiosanjoaquinlaserena.cl\/wp-content\/uploads\/2024\/12\/WhatsApp-Image-2023-09-04-at-16.13.53-fotor-2023090515512-1.jpg 844w\" sizes=\"(max-width: 594px) 100vw, 594px\" \/>\t\t\t\t\t\t\t\t\t\t\t\t\t\t\t<\/div>\n\t\t\t\t<\/div>\n\t\t\t\t<\/div>\n\t\t<div class=\"elementor-element elementor-element-6a6a891 e-con-full e-flex wpr-particle-no wpr-jarallax-no wpr-parallax-no wpr-sticky-section-no e-con e-child\" data-id=\"6a6a891\" data-element_type=\"container\" data-e-type=\"container\">\n\t\t<div class=\"elementor-element elementor-element-9f5a969 e-con-full e-flex wpr-particle-no wpr-jarallax-no wpr-parallax-no wpr-sticky-section-no e-con e-child\" data-id=\"9f5a969\" data-element_type=\"container\" data-e-type=\"container\">\n\t\t\t\t<div class=\"elementor-element elementor-element-e7f0c95 elementor-widget elementor-widget-heading\" data-id=\"e7f0c95\" data-element_type=\"widget\" data-e-type=\"widget\" data-widget_type=\"heading.default\">\n\t\t\t\t<div class=\"elementor-widget-container\">\n\t\t\t\t\t<h2 class=\"elementor-heading-title elementor-size-default\">Fotograf\u00eda A\u00e9rea Dron\nColegio San Joaqu\u00edn<\/h2>\t\t\t\t<\/div>\n\t\t\t\t<\/div>\n\t\t\t\t<div class=\"elementor-element elementor-element-5f0bf3e elementor-widget elementor-widget-image\" data-id=\"5f0bf3e\" data-element_type=\"widget\" data-e-type=\"widget\" data-widget_type=\"image.default\">\n\t\t\t\t<div class=\"elementor-widget-container\">\n\t\t\t\t\t\t\t\t\t\t\t\t\t\t\t<img decoding=\"async\" width=\"656\" height=\"1024\" src=\"https:\/\/colegiosanjoaquinlaserena.cl\/wp-content\/uploads\/2024\/12\/Screenshot_20230518_144424_Maps-984x1536-1-656x1024.jpg\" class=\"attachment-large size-large wp-image-383\" alt=\"\" srcset=\"https:\/\/colegiosanjoaquinlaserena.cl\/wp-content\/uploads\/2024\/12\/Screenshot_20230518_144424_Maps-984x1536-1-656x1024.jpg 656w, https:\/\/colegiosanjoaquinlaserena.cl\/wp-content\/uploads\/2024\/12\/Screenshot_20230518_144424_Maps-984x1536-1-192x300.jpg 192w, https:\/\/colegiosanjoaquinlaserena.cl\/wp-content\/uploads\/2024\/12\/Screenshot_20230518_144424_Maps-984x1536-1-768x1199.jpg 768w, https:\/\/colegiosanjoaquinlaserena.cl\/wp-content\/uploads\/2024\/12\/Screenshot_20230518_144424_Maps-984x1536-1.jpg 984w\" sizes=\"(max-width: 656px) 100vw, 656px\" \/>\t\t\t\t\t\t\t\t\t\t\t\t\t\t\t<\/div>\n\t\t\t\t<\/div>\n\t\t\t\t<\/div>\n\t\t\t\t<\/div>\n\t\t\t\t\t<\/div>\n\t\t\t\t<\/div>\n\t\t<div class=\"elementor-element elementor-element-77987aa e-flex e-con-boxed wpr-particle-no wpr-jarallax-no wpr-parallax-no wpr-sticky-section-no e-con e-parent\" data-id=\"77987aa\" data-element_type=\"container\" data-e-type=\"container\">\n\t\t\t\t\t<div class=\"e-con-inner\">\n\t\t\t\t<div class=\"elementor-element elementor-element-097b21f elementor-widget elementor-widget-heading\" data-id=\"097b21f\" data-element_type=\"widget\" data-e-type=\"widget\" data-widget_type=\"heading.default\">\n\t\t\t\t<div class=\"elementor-widget-container\">\n\t\t\t\t\t<h2 class=\"elementor-heading-title elementor-size-default\">Fotograf\u00eda A\u00e9rea Dron\nComplejo Deportivo<\/h2>\t\t\t\t<\/div>\n\t\t\t\t<\/div>\n\t\t\t\t\t<\/div>\n\t\t\t\t<\/div>\n\t\t<div class=\"elementor-element elementor-element-c4b4b55 e-flex e-con-boxed wpr-particle-no wpr-jarallax-no wpr-parallax-no wpr-sticky-section-no e-con e-parent\" data-id=\"c4b4b55\" data-element_type=\"container\" data-e-type=\"container\">\n\t\t\t\t\t<div class=\"e-con-inner\">\n\t\t\t\t<div class=\"elementor-element elementor-element-49c8a59 elementor-widget elementor-widget-image\" data-id=\"49c8a59\" data-element_type=\"widget\" data-e-type=\"widget\" data-widget_type=\"image.default\">\n\t\t\t\t<div class=\"elementor-widget-container\">\n\t\t\t\t\t\t\t\t\t\t\t\t\t\t\t<img loading=\"lazy\" decoding=\"async\" width=\"1024\" height=\"484\" src=\"https:\/\/colegiosanjoaquinlaserena.cl\/wp-content\/uploads\/2024\/12\/dji_fly_20230526_172818_473_1685136504982_photo-1-2048x968-1-1024x484.jpg\" class=\"attachment-large size-large wp-image-384\" alt=\"\" srcset=\"https:\/\/colegiosanjoaquinlaserena.cl\/wp-content\/uploads\/2024\/12\/dji_fly_20230526_172818_473_1685136504982_photo-1-2048x968-1-1024x484.jpg 1024w, https:\/\/colegiosanjoaquinlaserena.cl\/wp-content\/uploads\/2024\/12\/dji_fly_20230526_172818_473_1685136504982_photo-1-2048x968-1-300x142.jpg 300w, https:\/\/colegiosanjoaquinlaserena.cl\/wp-content\/uploads\/2024\/12\/dji_fly_20230526_172818_473_1685136504982_photo-1-2048x968-1-768x363.jpg 768w, https:\/\/colegiosanjoaquinlaserena.cl\/wp-content\/uploads\/2024\/12\/dji_fly_20230526_172818_473_1685136504982_photo-1-2048x968-1-1536x726.jpg 1536w, https:\/\/colegiosanjoaquinlaserena.cl\/wp-content\/uploads\/2024\/12\/dji_fly_20230526_172818_473_1685136504982_photo-1-2048x968-1.jpg 1600w\" sizes=\"(max-width: 1024px) 100vw, 1024px\" \/>\t\t\t\t\t\t\t\t\t\t\t\t\t\t\t<\/div>\n\t\t\t\t<\/div>\n\t\t\t\t\t<\/div>\n\t\t\t\t<\/div>\n\t\t<div class=\"elementor-element elementor-element-b4a5676 e-flex e-con-boxed wpr-particle-no wpr-jarallax-no wpr-parallax-no wpr-sticky-section-no e-con e-parent\" data-id=\"b4a5676\" data-element_type=\"container\" data-e-type=\"container\">\n\t\t\t\t\t<div class=\"e-con-inner\">\n\t\t\t\t\t<\/div>\n\t\t\t\t<\/div>\n\t\t\t\t<\/div>","protected":false},"excerpt":{"rendered":"<p>INFRAESTRUCTURA Nuestro establecimiento cuenta con 8.381 m\u00b2 de superficie distribuida entre parques, jardines y edificaciones. Adem\u00e1s 10.000 m\u00b2 de \u00e1reas verdes en el Sports Center, lugar propicio para el desarrollo de actividades deportivas y recreativas en un grato ambiente al aire libre. Fotograf\u00eda A\u00e9rea Dron Colegio San Joaqu\u00edn Fotograf\u00eda A\u00e9rea Dron Colegio San Joaqu\u00edn Fotograf\u00eda A\u00e9rea Dron Complejo Deportivo<\/p>","protected":false},"author":2,"featured_media":1634,"parent":0,"menu_order":0,"comment_status":"closed","ping_status":"closed","template":"","meta":{"site-sidebar-layout":"no-sidebar","site-content-layout":"","ast-site-content-layout":"full-width-container","site-content-style":"default","site-sidebar-style":"default","ast-global-header-display":"","ast-banner-title-visibility":"","ast-main-header-display":"","ast-hfb-above-header-display":"","ast-hfb-below-header-display":"","ast-hfb-mobile-header-display":"","site-post-title":"disabled","ast-breadcrumbs-content":"","ast-featured-img":"disabled","footer-sml-layout":"","theme-transparent-header-meta":"","adv-header-id-meta":"","stick-header-meta":"","header-above-stick-meta":"","header-main-stick-meta":"","header-below-stick-meta":"","astra-migrate-meta-layouts":"default","ast-page-background-enabled":"default","ast-page-background-meta":{"desktop":{"background-color":"var(--ast-global-color-4)","background-image":"","background-repeat":"repeat","background-position":"center center","background-size":"auto","background-attachment":"scroll","background-type":"","background-media":"","overlay-type":"","overlay-color":"","overlay-opacity":"","overlay-gradient":""},"tablet":{"background-color":"","background-image":"","background-repeat":"repeat","background-position":"center center","background-size":"auto","background-attachment":"scroll","background-type":"","background-media":"","overlay-type":"","overlay-color":"","overlay-opacity":"","overlay-gradient":""},"mobile":{"background-color":"","background-image":"","background-repeat":"repeat","background-position":"center center","background-size":"auto","background-attachment":"scroll","background-type":"","background-media":"","overlay-type":"","overlay-color":"","overlay-opacity":"","overlay-gradient":""}},"ast-content-background-meta":{"desktop":{"background-color":"var(--ast-global-color-5)","background-image":"","background-repeat":"repeat","background-position":"center center","background-size":"auto","background-attachment":"scroll","background-type":"","background-media":"","overlay-type":"","overlay-color":"","overlay-opacity":"","overlay-gradient":""},"tablet":{"background-color":"var(--ast-global-color-5)","background-image":"","background-repeat":"repeat","background-position":"center center","background-size":"auto","background-attachment":"scroll","background-type":"","background-media":"","overlay-type":"","overlay-color":"","overlay-opacity":"","overlay-gradient":""},"mobile":{"background-color":"var(--ast-global-color-5)","background-image":"","background-repeat":"repeat","background-position":"center center","background-size":"auto","background-attachment":"scroll","background-type":"","background-media":"","overlay-type":"","overlay-color":"","overlay-opacity":"","overlay-gradient":""}},"footnotes":""},"class_list":["post-354","page","type-page","status-publish","has-post-thumbnail","hentry"],"_links":{"self":[{"href":"https:\/\/colegiosanjoaquinlaserena.cl\/en\/wp-json\/wp\/v2\/pages\/354","targetHints":{"allow":["GET"]}}],"collection":[{"href":"https:\/\/colegiosanjoaquinlaserena.cl\/en\/wp-json\/wp\/v2\/pages"}],"about":[{"href":"https:\/\/colegiosanjoaquinlaserena.cl\/en\/wp-json\/wp\/v2\/types\/page"}],"author":[{"embeddable":true,"href":"https:\/\/colegiosanjoaquinlaserena.cl\/en\/wp-json\/wp\/v2\/users\/2"}],"replies":[{"embeddable":true,"href":"https:\/\/colegiosanjoaquinlaserena.cl\/en\/wp-json\/wp\/v2\/comments?post=354"}],"version-history":[{"count":40,"href":"https:\/\/colegiosanjoaquinlaserena.cl\/en\/wp-json\/wp\/v2\/pages\/354\/revisions"}],"predecessor-version":[{"id":2910,"href":"https:\/\/colegiosanjoaquinlaserena.cl\/en\/wp-json\/wp\/v2\/pages\/354\/revisions\/2910"}],"wp:featuredmedia":[{"embeddable":true,"href":"https:\/\/colegiosanjoaquinlaserena.cl\/en\/wp-json\/wp\/v2\/media\/1634"}],"wp:attachment":[{"href":"https:\/\/colegiosanjoaquinlaserena.cl\/en\/wp-json\/wp\/v2\/media?parent=354"}],"curies":[{"name":"wp","href":"https:\/\/api.w.org\/{rel}","templated":true}]}}